{"id":128,"date":"2018-07-04T13:45:22","date_gmt":"2018-07-04T13:45:22","guid":{"rendered":"http:\/\/blaulichttag-forst.de\/?page_id=128"},"modified":"2018-09-18T09:51:45","modified_gmt":"2018-09-18T09:51:45","slug":"medien","status":"publish","type":"page","link":"http:\/\/blaulichttag-forst.de\/?page_id=128","title":{"rendered":"Medien"},"content":{"rendered":"<p style=\"text-align: center;\"><a href=\"http:\/\/blaulichttag-forst.de\/wp-content\/uploads\/2018\/09\/20190929_Forster-Blaulichttag_Programmflyer.pdf\" target=\"_blank\" rel=\"noopener\"><img loading=\"lazy\" decoding=\"async\" class=\"aligncenter wp-image-269 size-medium\" src=\"http:\/\/blaulichttag-forst.de\/wp-content\/uploads\/2018\/09\/20180918_Programmflyer-300x163.jpg\" alt=\"\" width=\"300\" height=\"163\" srcset=\"http:\/\/blaulichttag-forst.de\/wp-content\/uploads\/2018\/09\/20180918_Programmflyer-300x163.jpg 300w, http:\/\/blaulichttag-forst.de\/wp-content\/uploads\/2018\/09\/20180918_Programmflyer-768x418.jpg 768w, http:\/\/blaulichttag-forst.de\/wp-content\/uploads\/2018\/09\/20180918_Programmflyer.jpg 952w\" sizes=\"auto, (max-width: 300px) 100vw, 300px\" \/><\/a><a href=\"http:\/\/blaulichttag-forst.de\/wp-content\/uploads\/2018\/09\/20190929_Forster-Blaulichttag_Programmflyer.pdf\">Programmflyer DIN A5, achtseitig<\/a><\/p>\n<p style=\"text-align: center;\">Dateityp: pdf<br \/>\nDateigr\u00f6\u00dfe: 4 MB<\/p>\n<hr \/>\n<p><a href=\"http:\/\/blaulichttag-forst.de\/wp-content\/uploads\/2018\/07\/Forst_Flyer-A6-Blaulichttag-2018.pdf\" target=\"_blank\" rel=\"noopener\"><img loading=\"lazy\" decoding=\"async\" class=\"wp-image-130 size-medium aligncenter\" src=\"http:\/\/blaulichttag-forst.de\/wp-content\/uploads\/2018\/07\/Medien_Flyer-A6-300x281.jpg\" alt=\"\" width=\"300\" height=\"281\" srcset=\"http:\/\/blaulichttag-forst.de\/wp-content\/uploads\/2018\/07\/Medien_Flyer-A6-300x281.jpg 300w, http:\/\/blaulichttag-forst.de\/wp-content\/uploads\/2018\/07\/Medien_Flyer-A6.jpg 737w\" sizes=\"auto, (max-width: 300px) 100vw, 300px\" \/><\/a><\/p>\n<p style=\"text-align: center;\"><a href=\"http:\/\/blaulichttag-forst.de\/wp-content\/uploads\/2018\/07\/Forst_Flyer-A6-Blaulichttag-2018.pdf\" target=\"_blank\" rel=\"noopener\">Flyer Format A6, zweiseitig<\/a><\/p>\n<p style=\"text-align: center;\">Dateityp: pdf<br \/>\nDateigr\u00f6\u00dfe: 1 MB<\/p>\n<hr \/>\n<p>&nbsp;<\/p>\n<p style=\"text-align: center;\"><a href=\"http:\/\/blaulichttag-forst.de\/wp-content\/uploads\/2018\/07\/Forst_Plakat-Blaulichttag-2018.pdf\" target=\"_blank\" rel=\"noopener\"><img loading=\"lazy\" decoding=\"async\" class=\"wp-image-132 size-medium aligncenter\" src=\"http:\/\/blaulichttag-forst.de\/wp-content\/uploads\/2018\/07\/Medien_Plakat-211x300.jpg\" alt=\"\" width=\"211\" height=\"300\" srcset=\"http:\/\/blaulichttag-forst.de\/wp-content\/uploads\/2018\/07\/Medien_Plakat-211x300.jpg 211w, http:\/\/blaulichttag-forst.de\/wp-content\/uploads\/2018\/07\/Medien_Plakat.jpg 717w\" sizes=\"auto, (max-width: 211px) 100vw, 211px\" \/><\/a><\/p>\n<p style=\"text-align: center;\"><a href=\"http:\/\/blaulichttag-forst.de\/wp-content\/uploads\/2018\/07\/Forst_Plakat-Blaulichttag-2018.pdf\" target=\"_blank\" rel=\"noopener\">Plakat<\/a><\/p>\n<div class=\"filename\" style=\"text-align: center;\">Dateityp: pdf<\/div>\n<div class=\"file-size\" style=\"text-align: center;\">Dateigr\u00f6\u00dfe: 4 MB<\/div>\n<div style=\"text-align: center;\"><\/div>\n<hr \/>\n<p><a href=\"http:\/\/blaulichttag-forst.de\/wp-content\/uploads\/2018\/07\/Forster-Blaulichttag-2018-Banner-web-hoch.jpg\" target=\"_blank\" rel=\"noopener\"><img loading=\"lazy\" decoding=\"async\" class=\"aligncenter wp-image-139 size-full\" src=\"http:\/\/blaulichttag-forst.de\/wp-content\/uploads\/2018\/07\/Forster-Blaulichttag-2018-Banner-web-hoch.jpg\" alt=\"\" width=\"200\" height=\"281\" \/><\/a><\/p>\n<p style=\"text-align: center;\"><a href=\"http:\/\/blaulichttag-forst.de\/wp-content\/uploads\/2018\/07\/Forster-Blaulichttag-2018-Banner-web-hoch.jpg\" target=\"_blank\" rel=\"noopener\">Web-Banner hoch<\/a><\/p>\n<div class=\"filename\" style=\"text-align: center;\">Dateityp: jpeg<\/div>\n<div class=\"file-size\" style=\"text-align: center;\">Dateigr\u00f6\u00dfe: 60 KB<\/div>\n<div class=\"dimensions\" style=\"text-align: center;\">Abmessungen: 200 \u00d7 281<\/div>\n<div style=\"text-align: center;\">Bitte Link setzen auf <a href=\"http:\/\/www.blaulichttag-forst.de\" target=\"_blank\" rel=\"noopener\">www.blaulichttag-forst.de<\/a><\/div>\n<div><\/div>\n<div>\n<hr \/>\n<\/div>\n<p>&nbsp;<\/p>\n<p><a href=\"http:\/\/blaulichttag-forst.de\/wp-content\/uploads\/2018\/07\/Forster-Blaulichttag-2018-Banner-web-quer.jpg\" target=\"_blank\" rel=\"noopener\"><img loading=\"lazy\" decoding=\"async\" class=\"aligncenter size-large wp-image-140\" src=\"http:\/\/blaulichttag-forst.de\/wp-content\/uploads\/2018\/07\/Forster-Blaulichttag-2018-Banner-web-quer.jpg\" alt=\"\" width=\"468\" height=\"100\" srcset=\"http:\/\/blaulichttag-forst.de\/wp-content\/uploads\/2018\/07\/Forster-Blaulichttag-2018-Banner-web-quer.jpg 468w, http:\/\/blaulichttag-forst.de\/wp-content\/uploads\/2018\/07\/Forster-Blaulichttag-2018-Banner-web-quer-300x64.jpg 300w\" sizes=\"auto, (max-width: 468px) 100vw, 468px\" \/><\/a><\/p>\n<p style=\"text-align: center;\"><a href=\"http:\/\/blaulichttag-forst.de\/wp-content\/uploads\/2018\/07\/Forster-Blaulichttag-2018-Banner-web-quer.jpg\" target=\"_blank\" rel=\"noopener\">Web-Banner quer<\/a><\/p>\n<div class=\"filename\" style=\"text-align: center;\">Dateityp: jpeg<\/div>\n<div class=\"file-size\" style=\"text-align: center;\">Dateigr\u00f6\u00dfe: 50 KB<\/div>\n<div class=\"dimensions\" style=\"text-align: center;\">Abmessungen: 468 \u00d7 100<\/div>\n<div style=\"text-align: center;\">Bitte Link setzen auf <a href=\"http:\/\/www.blaulichttag-forst.de\" target=\"_blank\" rel=\"noopener\">www.blaulichttag-forst.de<\/a><\/div>\n","protected":false},"excerpt":{"rendered":"<p>Programmflyer DIN A5, achtseitig Dateityp: pdf Dateigr\u00f6\u00dfe: 4 MB Flyer Format A6, zweiseitig Dateityp: pdf Dateigr\u00f6\u00dfe: 1 MB &nbsp; Plakat Dateityp: pdf Dateigr\u00f6\u00dfe: 4 MB Web-Banner hoch Dateityp: jpeg Dateigr\u00f6\u00dfe: 60 KB Abmessungen: 200 \u00d7 281 Bitte Link setzen auf www.blaulichttag-forst.de &nbsp; Web-Banner quer Dateityp: jpeg Dateigr\u00f6\u00dfe: 50 KB Abmessungen: 468 \u00d7 100 Bitte Link<\/p>\n<p class=\"more-link\"><a href=\"http:\/\/blaulichttag-forst.de\/?page_id=128\" class=\"themebutton\">Read More<\/a><\/p>\n","protected":false},"author":1,"featured_media":0,"parent":0,"menu_order":450,"comment_status":"closed","ping_status":"closed","template":"","meta":{"footnotes":""},"class_list":["post-128","page","type-page","status-publish","hentry"],"_links":{"self":[{"href":"http:\/\/blaulichttag-forst.de\/index.php?rest_route=\/wp\/v2\/pages\/128","targetHints":{"allow":["GET"]}}],"collection":[{"href":"http:\/\/blaulichttag-forst.de\/index.php?rest_route=\/wp\/v2\/pages"}],"about":[{"href":"http:\/\/blaulichttag-forst.de\/index.php?rest_route=\/wp\/v2\/types\/page"}],"author":[{"embeddable":true,"href":"http:\/\/blaulichttag-forst.de\/index.php?rest_route=\/wp\/v2\/users\/1"}],"replies":[{"embeddable":true,"href":"http:\/\/blaulichttag-forst.de\/index.php?rest_route=%2Fwp%2Fv2%2Fcomments&post=128"}],"version-history":[{"count":11,"href":"http:\/\/blaulichttag-forst.de\/index.php?rest_route=\/wp\/v2\/pages\/128\/revisions"}],"predecessor-version":[{"id":276,"href":"http:\/\/blaulichttag-forst.de\/index.php?rest_route=\/wp\/v2\/pages\/128\/revisions\/276"}],"wp:attachment":[{"href":"http:\/\/blaulichttag-forst.de\/index.php?rest_route=%2Fwp%2Fv2%2Fmedia&parent=128"}],"curies":[{"name":"wp","href":"https:\/\/api.w.org\/{rel}","templated":true}]}}