{"id":35,"date":"2018-06-18T20:47:43","date_gmt":"2018-06-18T20:47:43","guid":{"rendered":"http:\/\/blaulichttag-forst.de\/?page_id=35"},"modified":"2018-09-26T15:42:03","modified_gmt":"2018-09-26T15:42:03","slug":"programm","status":"publish","type":"page","link":"http:\/\/blaulichttag-forst.de\/?page_id=35","title":{"rendered":"Programm"},"content":{"rendered":"<h2>10:00 Uhr Er\u00f6ffnung mit Appell der Einsatzkr\u00e4fte und Gru\u00dfworte<\/h2>\n<p style=\"padding-left: 30px;\">\u2022 Simone Taubenek, B\u00fcrgermeisterin<br \/>\n\u2022 Carsten Billing, Dezernent f\u00fcr Wirtschaft, Finanzen, Ordnung, Sicherheit und Verkehr des Landkreises Spree-Nei\u00dfe<br \/>\n\u2022 Stefan Grothe, Kreisbrandmeister des Landkreises Spree-Nei\u00dfe<br \/>\n\u2022 Andreas Britze, Stadtwehrf\u00fchrer der Stadt Forst (Lausitz)<\/p>\n<hr \/>\n<h2>10:30 Uhr<\/h2>\n<ul>\n<li><strong>Vorf\u00fchrungen mit dem Rauchdemohaus<br \/>\n<\/strong>Freiwillige Feuerwehr Forst (Lausitz)<\/li>\n<li><strong>Erste Hilfe beim Fahrradsturz<br \/>\n<\/strong>DRK Kreisverband Forst Spree-Nei\u00dfe e.V. \/ Bereitschaft \/ Sanit\u00e4tsdienst<\/li>\n<li><strong>Ablauf in der Personenauskunftsstelle mit Stationsbetrieb<br \/>\n<\/strong>DRK Kreisverband Niederlausitz e.V. \/ Kreisauskunftsb\u00fcro \/ Personenauskunftsstelle<\/li>\n<li><strong>Vorf\u00fchrung Rettungshundestaffel<br \/>\n<\/strong>Rettungshundestaffel Landkreis Spree-Nei\u00dfe, Katastrophenschutz<\/li>\n<li><strong>Einsatz Drohne der SEG F.L.I.G.H.T.<br \/>\n<\/strong>Johanniter Unfallhilfe e.V., Regionalverband S\u00fcdbrandenburg<\/li>\n<li><strong>Simulation Taschendiebstahl (5 Rollenspiele)<br \/>\n<\/strong>Bundespolizei<\/li>\n<\/ul>\n<hr \/>\n<h2>11.00 Uhr<br \/>\nGro\u00dfe Vorf\u00fchrung H\u00f6henrettung vom Turm der Stadtkirche St. Nikolai<\/h2>\n<hr \/>\n<h2>11.30 Uhr<\/h2>\n<ul>\n<li><strong>Vorf\u00fchrungen mit dem Rauchdemohaus<\/strong><br \/>\nFreiwillige Feuerwehr Forst (Lausitz)<\/li>\n<li><strong>Erste Hilfe beim Leitersturz<\/strong><br \/>\nDRK Kreisverband Forst Spree-Nei\u00dfe e.V. \/ Bereitschaft \/ Sanit\u00e4tsdienst<\/li>\n<li><strong>Ablauf in der Personenauskunftsstelle mit Stationsbetrieb<\/strong><br \/>\nDRK Kreisverband Niederlausitz e.V. \/ Kreisauskunftsb\u00fcro \/ Personenauskunftsstelle<\/li>\n<li><strong>Vorf\u00fchrung Rettungshundestaffel<\/strong><br \/>\nJohanniter Unfall-Hilfe e.V., Regionalverband S\u00fcdbrandenburg,<br \/>\nRettungshundestaffel S\u00fcdbrandenburg<\/li>\n<li><strong>Demonstration und Folgen von Kleinstsprengungen<\/strong><br \/>\nZentraldienst der Polizei Brandenburg, Kampfmittelbeseitigungsdienst<\/li>\n<li><strong>Drei F\u00fchrungen zu verschiedenen Themen<\/strong><br \/>\nTreffpunkt: Pavillon der Stadt Forst (Lausitz) im Platanen-Hain, Dauer ca. 1 Stunde<\/li>\n<li><strong>11:30 Uhr Vortrag in der Stadtkirche St. Nikolai<\/strong><br \/>\n<strong>\u201eBlackout &#8211; Was passiert bei einem gro\u00dffl\u00e4chigen Stromausfall?<\/strong><br \/>\n<strong>Wie anf\u00e4llig ist unser Leben? Kann ich mich darauf vorbereiten und wenn ja, wie?&#8220;<\/strong><br \/>\nVortrag mit Diskussion, Wolfgang G\u00e4bler Gesch\u00e4ftsf\u00fchrer der Stadtwerke\u00a0 Forst GmbH<\/li>\n<\/ul>\n<hr \/>\n<h2>12:00 Uhr<\/h2>\n<ul>\n<li><strong>Vorf\u00fchrung Druckbeh\u00e4lterzerknall<\/strong><br \/>\nFreiwillige Feuerwehr Forst (Lausitz)<\/li>\n<li><strong>Erste Hilfe bei Kreislaufproblemen (12:15 Uhr)<\/strong><br \/>\nDRK Kreisverband Forst Spree-Nei\u00dfe e.V. \/ Bereitschaft \/ Sanit\u00e4tsdienst<\/li>\n<li><strong>Ablauf in der Personenauskunftsstelle mit Stationsbetrieb<\/strong><br \/>\nDRK Kreisverband Niederlausitz e.V. \/ Kreisauskunftsb\u00fcro \/ Personenauskunftsstelle<\/li>\n<li><strong>Einsatz Drohne der SEG F.L.I.G.H.T.<\/strong><br \/>\nJohanniter Unfall-Hilfe e.V., Regionalverband S\u00fcdbrandenburg<\/li>\n<li><strong>Vorf\u00fchrung Polizeihunde<\/strong><br \/>\nBundespolizei<\/li>\n<\/ul>\n<hr \/>\n<h2>12:30 Uhr<\/h2>\n<ul>\n<li><strong>Vorf\u00fchrungen mit dem Rauchdemohaus<\/strong><br \/>\nFreiwillige Feuerwehr Forst (Lausitz)<\/li>\n<li><strong>Ablauf in der Personenauskunftsstelle mit Stationsbetrieb<\/strong><br \/>\nDRK Kreisverband Niederlausitz e.V. \/ Kreisauskunftsb\u00fcro \/ Personenauskunftsstelle<\/li>\n<li><strong>Reanimation Unfallopfer<\/strong><br \/>\nFreiwillige Feuerwehr Brody<\/li>\n<\/ul>\n<hr \/>\n<h2>12:45 Uhr<\/h2>\n<ul>\n<li><strong>Vortr\u00e4ge in der Stadtkirche St. Nikolai<\/strong><br \/>\n<strong>\u201eBrand- und Katastrophenschutz und zivil-milit\u00e4rische Zusammenarbeit\u201c<\/strong><br \/>\nWolfhard K\u00e4tzmer Sachgebietsleiter Brand- und Katastrophenschutz Landkreis Spree-Nei\u00dfe und Ehrenkreisbrandmeister, Stefan Giebler Oberstleutnant d. R. und Leiter\u00a0 Kreisverbindungskommando Spree-Nei\u00dfe<\/li>\n<\/ul>\n<hr \/>\n<h2>13:00 Uhr<\/h2>\n<ul>\n<li><strong>Vorf\u00fchrung Fettbrandexplosion<\/strong><br \/>\nFreiwillige Feuerwehr Forst (Lausitz)<\/li>\n<li><strong>Erste Hilfe beim Motorradsturz<\/strong><br \/>\nDRK Kreisverband Forst Spree-Nei\u00dfe e.V. \/ Bereitschaft \/ Sanit\u00e4tsdienst<\/li>\n<li><strong>Ablauf in der Personenauskunftsstelle mit Stationsbetrieb<\/strong><br \/>\nDRK Kreisverband Niederlausitz e.V. \/ Kreisauskunftsb\u00fcro \/ Personenauskunftsstelle<\/li>\n<li><strong>Vorf\u00fchrung Rettungshundestaffel<\/strong><br \/>\nRettungshundestaffel Landkreis Spree-Nei\u00dfe, Katastrophenschutz<\/li>\n<li><strong>Einsatz Drohne der SEG F.L.I.G.H.T.<\/strong><br \/>\nJohanniter Unfall-Hilfe e.V., Regionalverband S\u00fcdbrandenburg<\/li>\n<\/ul>\n<hr \/>\n<h2>13:30 Uhr<\/h2>\n<ul>\n<li><strong>Vorf\u00fchrungen mit dem Rauchdemohaus<\/strong><br \/>\nFreiwillige Feuerwehr Forst (Lausitz)<\/li>\n<\/ul>\n<hr \/>\n<h2>14.00 Uhr<br \/>\nGro\u00dfe Vorf\u00fchrung Brandbek\u00e4mpfung und Menschenrettung nach einer Geb\u00e4udeexplosion<\/h2>\n<hr \/>\n<h2>14:40 Uhr<\/h2>\n<ul>\n<li><strong>Vorf\u00fchrung Druckbeh\u00e4lterzerknall<\/strong><br \/>\nFreiwillige Feuerwehr Forst (Lausitz)<\/li>\n<li><strong>Ablauf in der Personenauskunftsstelle mit Stationsbetrieb<\/strong><br \/>\nDRK Kreisverband Niederlausitz e.V. \/ Kreisauskunftsb\u00fcro \/ Personenauskunftsstelle<\/li>\n<li><strong>Simulation Taschendiebstahl (5 Rollenspiele)<\/strong><br \/>\nBundespolizei<\/li>\n<li><strong>Drei F\u00fchrungen zu verschiedenen Themen<\/strong><br \/>\nTreffpunkt: Pavillon der Stadt Forst (Lausitz) im Platanen-Hain, Dauer ca. 1 Stunde<\/li>\n<\/ul>\n<hr \/>\n<h2>15:00 Uhr<\/h2>\n<ul>\n<li><strong>Vorf\u00fchrung Fettbrandexplosion<\/strong><br \/>\nFreiwillige Feuerwehr Forst (Lausitz)<\/li>\n<li><strong>Erste Hilfe bei Kreislaufproblemen<\/strong><br \/>\nDRK Kreisverband Forst Spree-Nei\u00dfe e.V. \/ Bereitschaft \/ Sanit\u00e4tsdienst<\/li>\n<li><strong>Ablauf in der Personenauskunftsstelle mit Stationsbetrieb<\/strong><br \/>\nDRK Kreisverband Niederlausitz e.V. \/ Kreisauskunftsb\u00fcro \/ Personenauskunftsstelle<\/li>\n<li><strong>Vorf\u00fchrung Rettungshundestaffel<\/strong><br \/>\nJohanniter Unfall-Hilfe e.V., Regionalverband S\u00fcdbrandenburg,<br \/>\nRettungshundestaffel S\u00fcdbrandenburg<\/li>\n<li><strong>Demonstration und Folgen von Kleinstsprengungen<\/strong><br \/>\nZentraldienst der Polizei Brandenburg, Kampfmittelbeseitigungsdienst<\/li>\n<\/ul>\n<hr \/>\n<h2>15:30 Uhr<\/h2>\n<ul>\n<li><strong>Vorf\u00fchrungen mit dem Rauchdemohaus<\/strong><br \/>\nFreiwillige Feuerwehr Forst (Lausitz)<\/li>\n<li><strong>Ablauf in der Personenauskunftsstelle mit Stationsbetrieb<\/strong><br \/>\nDRK Kreisverband Niederlausitz e.V. \/ Kreisauskunftsb\u00fcro \/ Personenauskunftsstelle<\/li>\n<li><strong>Einsatz Drohne der SEG F.LI.G.H.T.<\/strong><br \/>\nJohanniter Unfall-Hilfe e.V., Regionalverband S\u00fcdbrandenburg<\/li>\n<li><strong>Reanimation Unfallopfer<\/strong><br \/>\nFreiwillige Feuerwehr Brody<\/li>\n<\/ul>\n<hr \/>\n<h2>16:00 Uhr<br \/>\nVeranstaltungsende<\/h2>\n<hr \/>\n<p>&nbsp;<\/p>\n<h2>F\u00fchrungen<\/h2>\n<p><strong>11:30 Uhr und 14:40 Uhr jeweils 3 F\u00fchrungen zu verschiedenen Themen<\/strong><\/p>\n<p>Treffpunkt: Pavillon der Stadt Forst (Lausitz) im Platanen-Hain, Dauer ca. 1 Stunde<\/p>\n<p>F\u00fcr Kinder und Eltern sowie interessierte Erwachsene werden 2 F\u00fchrungen zu den Hilfsorganisationen angeboten. Sie erhalten einen gef\u00fchrten ersten \u00dcberblick zu den M\u00f6glichkeiten ehrenamtlichen Engagements der Hilfsorganisationen in der Stadt (Freiwillige Feuerwehr, DRK, THW, KatS, JUH).<\/p>\n<p>F\u00fcr Interessierte an individuellen\u00a0 Hinweisen zu pers\u00f6nlichen Vorsorgema\u00dfnahmen und Selbstschutzempfehlungen der beteiligten Partner (DRK, Leitstelle, NBB, Notfallseelsorge, Polizei, Verkehrswacht und Wei\u00dfer Ring) gibt es eine 3. F\u00fchrung.<\/p>\n<p>&nbsp;<\/p>\n<hr \/>\n<p>Musikalische Begleitung an diesem Tag durch die Combo des Landespolizeiorchesters Brandenburg.<\/p>\n<p>Der Blaulichttag wird moderiert durch Andreas Wolff.<\/p>\n<hr \/>\n<h2>Hinweise<\/h2>\n<ol>\n<li>Programm\u00e4nderungen vorbehalten.<\/li>\n<li>Auf dem Veranstaltungsgel\u00e4nde befinden sich Imbissst\u00e4nde.<\/li>\n<li>Zus\u00e4tzliche Toiletten sind vorhanden.<\/li>\n<li>Um den Marktplatz herum kommt es zu verschiedenen Verkehrseinschr\u00e4nkungen w\u00e4hrend der Veranstaltung. Nutzen Sie die kostenfreien Parkpl\u00e4tze z. B. auf dem Lindenplatz, Friedrichsplatz und Leipziger Stra\u00dfe. Der Parkplatz in der Promenade steht nicht zur Verf\u00fcgung.<\/li>\n<li>Auf dem Veranstaltungsgel\u00e4nde ist ein separater Fahrradparkplatz eingerichtet.<\/li>\n<li>Verschiedene Partner haben besondere Aktivit\u00e4ten, die sich an Kinder richten.<\/li>\n<li>Zentraler Informationspunkt f\u00fcr Ausk\u00fcnfte w\u00e4hrend der Veranstaltung befindet sich im Pavillon der Stadt Forst (Lausitz) im Platanen-Hain.<\/li>\n<\/ol>\n<p>&nbsp;<\/p>\n<p><a href=\"http:\/\/blaulichttag-forst.de\/wp-content\/uploads\/2018\/09\/20190929_Forster-Blaulichttag_Programmflyer.pdf\">Programmflyer als pdf-Dokument (4MB)<\/a><\/p>\n<p>&nbsp;<\/p>\n<p>Stand 26.09.2018<\/p>\n","protected":false},"excerpt":{"rendered":"<p>10:00 Uhr Er\u00f6ffnung mit Appell der Einsatzkr\u00e4fte und Gru\u00dfworte \u2022 Simone Taubenek, B\u00fcrgermeisterin \u2022 Carsten Billing, Dezernent f\u00fcr Wirtschaft, Finanzen, Ordnung, Sicherheit und Verkehr des Landkreises Spree-Nei\u00dfe \u2022 Stefan Grothe, Kreisbrandmeister des Landkreises Spree-Nei\u00dfe \u2022 Andreas Britze, Stadtwehrf\u00fchrer der Stadt Forst (Lausitz) 10:30 Uhr Vorf\u00fchrungen mit dem Rauchdemohaus Freiwillige Feuerwehr Forst (Lausitz) Erste Hilfe beim<\/p>\n<p class=\"more-link\"><a href=\"http:\/\/blaulichttag-forst.de\/?page_id=35\" class=\"themebutton\">Read More<\/a><\/p>\n","protected":false},"author":1,"featured_media":0,"parent":0,"menu_order":300,"comment_status":"closed","ping_status":"closed","template":"","meta":{"footnotes":""},"class_list":["post-35","page","type-page","status-publish","hentry"],"_links":{"self":[{"href":"http:\/\/blaulichttag-forst.de\/index.php?rest_route=\/wp\/v2\/pages\/35","targetHints":{"allow":["GET"]}}],"collection":[{"href":"http:\/\/blaulichttag-forst.de\/index.php?rest_route=\/wp\/v2\/pages"}],"about":[{"href":"http:\/\/blaulichttag-forst.de\/index.php?rest_route=\/wp\/v2\/types\/page"}],"author":[{"embeddable":true,"href":"http:\/\/blaulichttag-forst.de\/index.php?rest_route=\/wp\/v2\/users\/1"}],"replies":[{"embeddable":true,"href":"http:\/\/blaulichttag-forst.de\/index.php?rest_route=%2Fwp%2Fv2%2Fcomments&post=35"}],"version-history":[{"count":16,"href":"http:\/\/blaulichttag-forst.de\/index.php?rest_route=\/wp\/v2\/pages\/35\/revisions"}],"predecessor-version":[{"id":292,"href":"http:\/\/blaulichttag-forst.de\/index.php?rest_route=\/wp\/v2\/pages\/35\/revisions\/292"}],"wp:attachment":[{"href":"http:\/\/blaulichttag-forst.de\/index.php?rest_route=%2Fwp%2Fv2%2Fmedia&parent=35"}],"curies":[{"name":"wp","href":"https:\/\/api.w.org\/{rel}","templated":true}]}}