{"id":38,"date":"2018-06-18T20:48:50","date_gmt":"2018-06-18T20:48:50","guid":{"rendered":"http:\/\/blaulichttag-forst.de\/?page_id=38"},"modified":"2018-09-19T08:29:17","modified_gmt":"2018-09-19T08:29:17","slug":"impressum","status":"publish","type":"page","link":"http:\/\/blaulichttag-forst.de\/?page_id=38","title":{"rendered":"Impressum"},"content":{"rendered":"<p>Gesamtverantwortung:<br \/>\nStadt Forst (Lausitz)<br \/>\nDie B\u00fcrgermeisterin<br \/>\nB\u00fcro der B\u00fcrgermeisterin \/ \u00d6ffentlichkeitsarbeit<br \/>\nSusanne Joel<br \/>\nLindenstr. 10-12<br \/>\n03149 Forst (Lausitz)<br \/>\ne-mail: s.joel @ forst-lausitz.de<br \/>\nTel.: (03562) 989 &#8211; 102<br \/>\nFax: (03562) 7460<\/p>\n<p>Rathaus, Telefonzentrale:<br \/>\nDie Telefonzentrale vermittelt zu den allgemeinen \u00d6ffnungszeiten des Rathauses zur richtigen Stelle.<br \/>\nTel.: (03562) 989 &#8211; 0<br \/>\nFax: (03562) 7460<\/p>\n<p>Projektleitung<br \/>\nStadt Forst (Lausitz), Verwaltungsvorstand<\/p>\n<p>Projektleiter: Sven Zuber, Verwaltungsvorstand f\u00fcr Service, Bildung und Personal<br \/>\ne-mail: s.zuber @ forst-lausitz.de<br \/>\nTel.: (03562) 989 &#8211; 110<br \/>\nFax: (03562) 7460<\/p>\n<p>Fotos:<br \/>\nStadt Forst (Lausitz)<br \/>\nPressestelle<br \/>\nLindenstr. 10-12<br \/>\n03149 Forst (Lausitz)<br \/>\nInternet: http:\/\/www.forst-lausitz.de<br \/>\ne-mail: info @ forst-lausitz.de<br \/>\nTel.: (03562) 989-102<br \/>\nFax: (03562) 74 60<\/p>\n<p>weitere Fotos: Helmut P. Fleischhauer, Medienwerkstatt JB, fotolia.de, Freiwillige Feuerwehr Forst (Lausitz)<\/p>\n<p>Haftungsausschluss<\/p>\n<p>1. Inhalt des Onlineangebotes<br \/>\nDie Stadt Forst (Lausitz) \u00fcbernimmt keinerlei Gew\u00e4hr f\u00fcr die Aktualit\u00e4t, Korrektheit, Vollst\u00e4ndigkeit oder Qualit\u00e4t der bereitgestellten Informationen. Haftungsanspr\u00fcche gegen die Stadt Forst (Lausitz), welche sich auf Sch\u00e4den materieller oder ideeller Art beziehen, die durch die Nutzung oder Nichtnutzung der dargebotenen Informationen bzw. durch die Nutzung fehlerhafter und unvollst\u00e4ndiger Informationen verursacht wurden, sind grunds\u00e4tzlich ausgeschlossen, sofern seitens der Stadt Forst (Lausitz) kein nachweislich vors\u00e4tzliches oder grob fahrl\u00e4ssiges Verschulden vorliegt.<br \/>\nAlle Angebote sind freibleibend und unverbindlich. Die Stadt Forst (Lausitz) beh\u00e4lt es sich ausdr\u00fccklich vor, Teile der Seiten oder das gesamte Angebot ohne gesonderte Ank\u00fcndigung zu ver\u00e4ndern, zu erg\u00e4nzen, zu l\u00f6schen oder die Ver\u00f6ffentlichung zeitweise oder endg\u00fcltig einzustellen.<\/p>\n<p>2. Verweise und Links<br \/>\nBei direkten oder indirekten Verweisen auf fremde Webseiten (&#8222;Hyperlinks&#8220;), die au\u00dferhalb des Verantwortungsbereiches der Stadt Forst (Lausitz) liegen, w\u00fcrde eine Haftungsverpflichtung ausschlie\u00dflich in dem Fall in Kraft treten, in dem die Stadt Forst (Lausitz) von den Inhalten Kenntnis hat und es ihr technisch m\u00f6glich und zumutbar w\u00e4re, die Nutzung im Falle rechtswidriger Inhalte zu verhindern.<br \/>\nDie Stadt Forst (Lausitz) erkl\u00e4rt hiermit ausdr\u00fccklich, dass zum Zeitpunkt der Linksetzung keine illegalen Inhalte auf den zu verlinkenden Seiten erkennbar waren. Auf die aktuelle und zuk\u00fcnftige Gestaltung, die Inhalte oder die Urheberschaft der gelinkten\/verkn\u00fcpften Seiten hat die Stadt Forst (Lausitz) keinerlei Einfluss. Deshalb distanziert sie sich hiermit ausdr\u00fccklich von allen Inhalten aller gelinkten \/ verkn\u00fcpften Seiten, die nach der Linksetzung ver\u00e4ndert wurden. Diese Feststellung gilt f\u00fcr alle innerhalb des eigenen Internetangebotes gesetzten Links und Verweise sowie f\u00fcr Fremdeintr\u00e4ge in von der Stadt Forst (Lausitz) eingerichteten G\u00e4steb\u00fcchern, Diskussionsforen und Mailinglisten. F\u00fcr illegale, fehlerhafte oder unvollst\u00e4ndige Inhalte und insbesondere f\u00fcr Sch\u00e4den, die aus der Nutzung oder Nichtnutzung solcherart dargebotener Informationen entstehen, haftet allein der Anbieter der Seite, auf welche verwiesen wurde, nicht derjenige, der \u00fcber Links auf die jeweilige Ver\u00f6ffentlichung lediglich verweist.<\/p>\n<p>3. Urheber- und Kennzeichenrecht<br \/>\nDie Stadt Forst (Lausitz) ist bestrebt, in allen Publikationen die Urheberrechte der verwendeten Grafiken, Tondokumente, Videosequenzen und Texte zu beachten, von ihr selbst erstellte Grafiken, Tondokumente, Videosequenzen und Texte zu nutzen oder auf lizenzfreie Grafiken, Tondokumente, Videosequenzen und Texte zur\u00fcckzugreifen.<br \/>\nAlle innerhalb des Internetangebotes genannten und ggf. durch Dritte gesch\u00fctzte Marken- und Warenzeichen unterliegen uneingeschr\u00e4nkt den Bestimmungen des jeweils g\u00fcltigen Kennzeichenrechts und den Besitzrechten der jeweiligen eingetragenen Eigent\u00fcmer. Allein aufgrund der blo\u00dfen Nennung ist nicht der Schluss zu ziehen, dass Markenzeichen nicht durch Rechte Dritter gesch\u00fctzt sind!<br \/>\nDas Copyright f\u00fcr ver\u00f6ffentlichte, von der Stadt Forst (Lausitz) selbst erstellte Objekte bleibt allein bei der Stadt Forst (Lausitz). Eine Vervielf\u00e4ltigung oder Verwendung solcher Grafiken, Tondokumente, Videosequenzen und Texte in anderen elektronischen oder gedruckten Publikationen ist ohne ausdr\u00fcckliche Zustimmung der Stadt Forst (Lausitz) nicht gestattet.<\/p>\n<p>4. Nutzung von Kontaktdaten<br \/>\nDie Nutzung der im Rahmen des Impressums oder vergleichbarer Angaben ver\u00f6ffentlichten Kontaktdaten wie Postanschriften, Telefon- und Faxnummern sowie Emailadressen durch Dritte zur \u00dcbersendung von nicht ausdr\u00fccklich angeforderten Informationen ist nicht gestattet. Rechtliche Schritte gegen die Versender von sogenannten Spam-Mails bei Verst\u00f6ssen gegen dieses Verbot sind ausdr\u00fccklich vorbehalten.<\/p>\n<p>5. Versenden von E-Mail<br \/>\nAntr\u00e4ge, Widerspr\u00fcche oder Mitteilungen, f\u00fcr die durch Rechtsvorschrift eine Schriftform angeordnet ist, k\u00f6nnen neben der Papierform seit dem 01.07.2014 auch elektronisch \u00fcbermittelt werden.<\/p>\n<p>Der elektronische Verwaltungszugang wird unter den folgenden Bedingungen er\u00f6ffnet:<br \/>\nDie Stadt Forst (Lausitz) stellt f\u00fcr E-Mails mit qualifiziert elektronisch signierten Dokumenten die zentrale E-Mail-Adresse<\/p>\n<p>signiertepost @ forst-lausitz.de<\/p>\n<p>zur Verf\u00fcgung.<br \/>\nWir weisen darauf hin, dass nur qualifiziert elektronisch signierte Dokumente eine rechtlich angeordnete Schriftform ersetzen k\u00f6nnen.<br \/>\nBitte geben Sie in Ihrer E-Mail stets Ihre postalische Adresse sowie den gew\u00fcnschten Empf\u00e4nger mit Fachbereich so genau wie m\u00f6glich an. Ihre E-Mail kann mit diesen Angaben schneller weitergeleitet werden.<\/p>\n<p>Technische Rahmenbedingungen E-Mail<\/p>\n<p>Bitte beachten Sie f\u00fcr die \u00dcbermittlung Ihrer signierten Dokumente folgende technische Hinweise:<\/p>\n<p>1.Dateiformate<\/p>\n<p>Folgende Dateiformate werden als Anh\u00e4nge akzeptiert:<br \/>\nPortable Document Format (.pdf)<br \/>\nTextdateien (.rtf oder .txt)<br \/>\nMicrosoft\u00ae Word (.doc oder .docx)<br \/>\nMicrosoft\u00ae Excel (.xls oder .xlsx)<br \/>\nBilddateien (.tif, .jpg, .jpeg, .bmp, .png)<br \/>\nunverschl\u00fcsselte Signaturdateien (.p7s oder .p7m)<br \/>\nIn allen Dateianh\u00e4ngen d\u00fcrfen kein ausf\u00fchrbarer Code, automatisierte Abl\u00e4ufe, Programmierungen (Makros) oder ein Kennwortschutz verwendet werden.<\/p>\n<p>Weitere Formate werden nur nach ausdr\u00fccklicher Zustimmung der Stadtverwaltung angenommen. Sollten Ihre Dateianh\u00e4nge nicht verarbeitet werden k\u00f6nnen, wird Ihnen dies umgehend mitgeteilt.<\/p>\n<p>2. Zertifikat\/Signatur<\/p>\n<p>Die Stadt Forst (Lausitz) akzeptiert nur Signaturen, die mit dem Zertifikat eines bei der Bundesnetzagentur akkreditierten Zertifizierungsdiensteanbieters erstellt wurden. Eine \u00dcbersicht der Anbieter finden Sie auf der Website der Bundesnetzagentur.<\/p>\n<p>Jedes Dokument ist separat zu signieren.<\/p>\n<p>Die E-Mail darf nicht verschl\u00fcsselt sein.<\/p>\n<p>3. Dateigr\u00f6\u00dfe<\/p>\n<p>Die Gesamtgr\u00f6\u00dfe einer E-Mail inklusive aller Anh\u00e4nge ist auf eine Gr\u00f6\u00dfe von 8 Megabyte (MB) beschr\u00e4nkt. Gr\u00f6\u00dfere E-Mails k\u00f6nnen technisch nicht verarbeitet werden.<\/p>\n<p>Beim Empfang von E-Mails werden diese automatisiert im Hinblick auf Spam- und Sicherheitsgesichtspunkte gepr\u00fcft. Wenn Ihre E-Mail nicht den genannten Kriterien entspricht, wird sie nicht zugestellt.<\/p>\n<p>Hinweise<\/p>\n<p>F\u00fcr alle anderen E-Mail-Adressen der Stadtverwaltung (au\u00dfer signiertepost @ forst-lausitz.de) wird der rechtsverbindliche Zugang ausdr\u00fccklich nicht er\u00f6ffnet. Sie dienen nur dem Empfang einfacher Mitteilungen ohne Signatur und\/oder Verschl\u00fcsselung. Rechtsverbindliche Erkl\u00e4rungen und Antr\u00e4ge (etwa Widerspr\u00fcche), die nach geltendem Recht der Schriftform bed\u00fcrfen, k\u00f6nnen an diese Adressen nicht wirksam \u00fcbermittelt werden.<br \/>\nOhne qualifizierte elektronische Signatur ist die \u00dcbermittlung auf dem Postwege unbedingt erforderlich.<\/p>\n<p>Bescheide und andere Mitteilungen, die einem rechtlichen Schriftformerfordernis unterliegen, werden von der Stadtverwaltung bis auf Weiteres in Papierform versandt.<\/p>\n<p>6. Rechtswirksamkeit dieses Haftungsausschlusses<br \/>\nDieser Haftungsausschluss ist als Teil des Internetangebotes zu betrachten, von dem aus auf diese Seite verwiesen wurde. Sofern Teile oder einzelne Formulierungen dieses Textes der geltenden Rechtslage nicht, nicht mehr oder nicht vollst\u00e4ndig entsprechen sollten, bleiben die \u00fcbrigen Teile des Dokumentes in ihrem Inhalt und ihrer G\u00fcltigkeit davon unber\u00fchrt.<\/p>\n<p>\u00a9 Stadt Forst (Lausitz), 2000-2018 all rights reserved.<\/p>\n","protected":false},"excerpt":{"rendered":"<p>Gesamtverantwortung: Stadt Forst (Lausitz) Die B\u00fcrgermeisterin B\u00fcro der B\u00fcrgermeisterin \/ \u00d6ffentlichkeitsarbeit Susanne Joel Lindenstr. 10-12 03149 Forst (Lausitz) e-mail: s.joel @ forst-lausitz.de Tel.: (03562) 989 &#8211; 102 Fax: (03562) 7460 Rathaus, Telefonzentrale: Die Telefonzentrale vermittelt zu den allgemeinen \u00d6ffnungszeiten des Rathauses zur richtigen Stelle. Tel.: (03562) 989 &#8211; 0 Fax: (03562) 7460 Projektleitung Stadt Forst<\/p>\n<p class=\"more-link\"><a href=\"http:\/\/blaulichttag-forst.de\/?page_id=38\" class=\"themebutton\">Read More<\/a><\/p>\n","protected":false},"author":1,"featured_media":0,"parent":0,"menu_order":600,"comment_status":"closed","ping_status":"closed","template":"","meta":{"footnotes":""},"class_list":["post-38","page","type-page","status-publish","hentry"],"_links":{"self":[{"href":"http:\/\/blaulichttag-forst.de\/index.php?rest_route=\/wp\/v2\/pages\/38","targetHints":{"allow":["GET"]}}],"collection":[{"href":"http:\/\/blaulichttag-forst.de\/index.php?rest_route=\/wp\/v2\/pages"}],"about":[{"href":"http:\/\/blaulichttag-forst.de\/index.php?rest_route=\/wp\/v2\/types\/page"}],"author":[{"embeddable":true,"href":"http:\/\/blaulichttag-forst.de\/index.php?rest_route=\/wp\/v2\/users\/1"}],"replies":[{"embeddable":true,"href":"http:\/\/blaulichttag-forst.de\/index.php?rest_route=%2Fwp%2Fv2%2Fcomments&post=38"}],"version-history":[{"count":6,"href":"http:\/\/blaulichttag-forst.de\/index.php?rest_route=\/wp\/v2\/pages\/38\/revisions"}],"predecessor-version":[{"id":284,"href":"http:\/\/blaulichttag-forst.de\/index.php?rest_route=\/wp\/v2\/pages\/38\/revisions\/284"}],"wp:attachment":[{"href":"http:\/\/blaulichttag-forst.de\/index.php?rest_route=%2Fwp%2Fv2%2Fmedia&parent=38"}],"curies":[{"name":"wp","href":"https:\/\/api.w.org\/{rel}","templated":true}]}}