{"id":42,"date":"2018-06-18T20:53:46","date_gmt":"2018-06-18T20:53:46","guid":{"rendered":"http:\/\/blaulichttag-forst.de\/?page_id=42"},"modified":"2018-07-06T13:00:53","modified_gmt":"2018-07-06T13:00:53","slug":"datenschutzerklaerung","status":"publish","type":"page","link":"http:\/\/blaulichttag-forst.de\/?page_id=42","title":{"rendered":"Datenschutzerkl\u00e4rung"},"content":{"rendered":"<p>Datenschutzerkl\u00e4rung<br \/>\nDie Nutzung der Internetseiten der Stadt Forst (Lausitz) ist grunds\u00e4tzlich ohne jede Angabe personenbezogener Daten m\u00f6glich. Sofern eine betroffene Person besondere Services unser Internetseite in Anspruch nehmen m\u00f6chte, k\u00f6nnte jedoch eine Verarbeitung personenbezogener Daten erforderlich werden. Ist die Verarbeitung personenbezogener Daten erforderlich und besteht f\u00fcr eine solche Verarbeitung keine gesetzliche Grundlage, holen wir generell eine Einwilligung der betroffenen Person ein.<\/p>\n<p>Die Verarbeitung personenbezogener Daten, beispielsweise des Namens, der Anschrift, E-Mail-Adresse oder Telefonnummer einer betroffenen Person, erfolgt stets im Einklang mit der Datenschutz-Grundverordnung und in \u00dcbereinstimmung mit den f\u00fcr die Stadt Forst (Lausitz) geltenden landesspezifischen Datenschutzbestimmungen (Brandenburgisches Datenschutzgesetz). Mittels dieser Datenschutzerkl\u00e4rung soll die \u00d6ffentlichkeit \u00fcber Art, Umfang und Zweck der von uns erhobenen, genutzten und verarbeiteten personenbezogenen Daten informiert werden. Ferner werden betroffene Personen mittels dieser Datenschutzerkl\u00e4rung \u00fcber die ihnen zustehenden Rechte aufgekl\u00e4rt.<\/p>\n<p>Die Stadt Forst (Lausitz) hat als f\u00fcr die Verarbeitung Verantwortlicher zahlreiche technische und organisatorische Ma\u00dfnahmen umgesetzt, um einen m\u00f6glichst l\u00fcckenlosen Schutz der \u00fcber diese Internetseite verarbeiteten personenbezogenen Daten sicherzustellen. Dennoch k\u00f6nnen Internetbasierte Daten\u00fcbertragungen grunds\u00e4tzlich Sicherheitsl\u00fccken aufweisen, sodass ein absoluter Schutz nicht gew\u00e4hrleistet werden kann. Aus diesem Grund steht es jeder betroffenen Person frei, personenbezogene Daten auch auf alternativen Wegen, beispielsweise telefonisch, an uns zu \u00fcbermitteln.<\/p>\n<p>1. Speicherung von Zugriffsdaten<br \/>\nBei jeder Anforderung einer Datei aus dieser Internetpr\u00e4senz werden Zugriffsdaten gespeichert. Jeder Datensatz besteht aus:<\/p>\n<p>dem Namen der Datei<\/p>\n<p>dem Datum und der Uhrzeit der Anforderung<\/p>\n<p>der \u00fcbertragenen Datenmenge<\/p>\n<p>dem Zugriffsstatus (Datei \u00fcbertragen, Datei nicht gefunden etc.)<\/p>\n<p>einer Beschreibung des Typs des verwendeten Webbrowsers<\/p>\n<p>der IP-Adresse des aufrufenden Rechners<\/p>\n<p>Suchbegriffe<\/p>\n<p>Die gespeicherten Daten werden ausschlie\u00dflich zu statistischen Zwecken, zur Optimierung des Webauftritts. Die Daten werden automatisch beim Besuch der Website durch das IT-Systeme erfasst erfolgt automatisch, sobald Sie unsere Website betreten.<\/p>\n<p>2. Speicherung, Bearbeitung, Nutzung und L\u00f6schung personenbezogener Daten<br \/>\nInnerhalb dieser Internetpr\u00e4senz besteht die M\u00f6glichkeit, uns personenbezogene Daten zu \u00fcbermitteln. Personenbezogene Daten sind Informationen, die genutzt werden k\u00f6nnen, um Ihre Identit\u00e4t zu erfahren. Darunter fallen personenbezogene Informationen wie z. B. Ihr Name, Adresse, Postanschrift, Telefonnummer, E-Mail-Adresse, Ihre IP-Adresse sowie Cookies. Hinsichtlich Ihrer personenbezogenen Daten weisen wir gem\u00e4\u00df \u00a7 33 Bundesdatenschutzgesetz (BDSG) darauf hin, dass diese nach Ma\u00dfgabe der anwendbaren Datenschutzbestimmungen gespeichert und\/oder \u00fcbertragen werden.<\/p>\n<p>Zu diesen personenbezogenen Daten sollten Sie folgendes wissen:<\/p>\n<p>Grunds\u00e4tzlich besteht gem\u00e4\u00df der Datenschutzgrundverordnung (DSGVO) zu diesen Daten f\u00fcr Sie<\/p>\n<p>ein Recht auf Auskunft und Information zu den \u00fcber Sie erhobenen Daten, die Berichtigung Ihrer Daten, auf L\u00f6schung Ihrer Daten, das Recht auf die Einschr\u00e4nkung der Verarbeitung Ihrer Daten, das Recht auf Widerspruch gegen die Erhebung, Speicherung und Verarbeitung und das Recht, gegen eine Daten\u00fcbertragbarkeit vorzugehen,<\/p>\n<p>ein Recht auf Widerruf der vorherigen Einwilligung,<\/p>\n<p>ein Beschwerderecht bei der f\u00fcr unsere K\u00f6rperschaft zust\u00e4ndigen Aufsichtsbeh\u00f6rde, d. h. bei der Landesbeauftragten f\u00fcr den Datenschutz und f\u00fcr das Recht auf Akteneinsicht im Land Brandenburg und<\/p>\n<p>ein Recht auf \u00dcbertragung Ihrer Daten<\/p>\n<p>Die Bereitstellung der Daten erfolgt im vorliegenden Fall auf der Grundlage der DSGVO, der entsprechenden Bundes- und Landesgesetze (insbesondere des TMG, des BDSG und des brandenburgischen Datenschutzgesetzes) sowie der Kommunalverfassung des Landes Brandenburg.<br \/>\nDas Recht auf Auskunft gibt Ihnen als Betroffenem das Recht, in angemessener Zeit \u00fcber die \u00fcber Sie erhobenen Daten und ihre Verarbeitung informiert zu werden.<br \/>\nGrundlage und Zweck der Verarbeitung ist die Durchf\u00fchrung der der Kommune obliegenden Arbeiten und gesetzlich zugewiesenen Aufgaben. Dazu geh\u00f6rt es auch, m\u00f6glichst \u00fcber die Interessen der B\u00fcrger und durch diese nachgefragte Informationen auf Seiten der kommunalen Verwaltung informiert zu sein.<br \/>\nSie k\u00f6nnen einer Verarbeitung widersprechen, wenn<\/p>\n<p>die Richtigkeit der Daten von Ihnen bestritten wird,<\/p>\n<p>die Verarbeitung unrechtm\u00e4\u00dfig ist,<\/p>\n<p>sich der Zweck der Verarbeitung erledigt hat, die Daten aber zur Geltendmachung von Rechtsanspr\u00fcchen des Betroffenen notwendig sind oder<\/p>\n<p>Sie ein Widerspruchsrecht gem\u00e4\u00df DSGVO haben.<\/p>\n<p>Dritte oder andere Organisationen werden grunds\u00e4tzlich nicht \u00fcber die erhobenen Daten und\/oder die Personen informiert, deren Daten erhoben worden sind. Die Dauer der Speicherung erfolgt bis l\u00e4ngstens zum Ablauf des Kalenderjahres, welches auf das Jahr folgt, in welchem diese Daten gespeichert worden sind.<\/p>\n<p>Was bedeutet nun das Recht auf Berichtigung gem\u00e4\u00df DSGVO?<br \/>\nEs gibt den Betroffenen die M\u00f6glichkeit, die Vervollst\u00e4ndigung seiner personenbezogenen Daten ohne unangemessene Verz\u00f6gerung einzufordern. Sie k\u00f6nnen zudem die \u00dcbertragung von Ihnen gespeicherter Daten auf andere Netzwerke verlangen.<br \/>\nWann m\u00fcssen Ihre Daten gem\u00e4\u00df DSGVO gel\u00f6scht werden (Recht auf \u201eVergessenwerden\u201c)?<br \/>\nDies ist der Fall, wenn<\/p>\n<p>die Speicherung der Daten nicht mehr notwendig ist,<\/p>\n<p>der Betroffene seine Einwilligung zur Datenverarbeitung widerrufen hat,<\/p>\n<p>die Daten unrechtm\u00e4\u00dfig verarbeitet wurden oder<\/p>\n<p>eine Rechtspflicht zum L\u00f6schen nach EU- oder nationalem Recht besteht.<\/p>\n<p>Wann findet Ihr Recht auf \u201eVergessenwerden\u201c keine Anwendung?<br \/>\nDies geschieht, wenn<\/p>\n<p>das Recht auf freie Meinungs\u00e4u\u00dferung bzw. die Informationsfreiheit \u00fcberwiegen, weil also das Informationsinteresse Dritter so gro\u00df ist,<\/p>\n<p>die Datenspeicherung der Erf\u00fcllung einer rechtlichen Verpflichtung dient,<\/p>\n<p>das \u00f6ffentliche Interesse im Bereich der \u00f6ffentlichen Gesundheit \u00fcberwiegt,<\/p>\n<p>Archivzwecke oder wissenschaftliche und historische Forschungszwecke entgegenstehen oder<\/p>\n<p>die Speicherung zur Geltendmachung, Aus\u00fcbung oder Verteidigung von Rechtsanspr\u00fcchen erforderlich ist.<\/p>\n<p>Im \u00dcbrigen werden personenbezogene Daten absolut vertraulich behandelt und nur mit Ihrer gesonderten vorherigen Zustimmung an Dritte weitergeleitet. Wir weisen Sie ausdr\u00fccklich darauf hin, dass der Datenschutz in offenen Netzen wie dem Internet nach dem derzeitigen Stand der Technik nicht vollst\u00e4ndig gew\u00e4hrleistet werden kann. Wir wissen das Vertrauen zu sch\u00e4tzen, dass Sie uns entgegenbringen, und wenden \u00e4u\u00dferste Sorgfalt an, um Ihre pers\u00f6nlichen Angaben zu sch\u00fctzen. Wenn Sie Fragen haben, k\u00f6nnen Sie sich auch direkt an uns wenden.<\/p>\n<p>Sie sollten ferner beachten, dass bei einer unverschl\u00fcsselten \u00dcbermittlung von Daten im Internet die M\u00f6glichkeit besteht, dass Dritte sie zur Kenntnis nehmen oder verf\u00e4lschen.<\/p>\n<p>F\u00fcr den Fall, dass im Zusammenhang mit dieser Website Newsletter, Kontaktformulare oder Verbindungen zu sozialen Medien genutzt werden, was sich je nach Bedarf \u00e4ndern kann, werden Sie \u00fcber diese Nutzung informiert.<\/p>\n<p>F\u00fcr den Fall, dass mit unserer Internetpr\u00e4senz soziale Medien wie Facebook, Twitter oder Xing verbunden sind, werden Ihre personenbezogenen Daten durch diese Medien ebenfalls erhoben, gespeichert, genutzt und verarbeitet, wenn Sie diese Links zu diesen Medien nutzen.<\/p>\n<p>Auch dann, wenn Sie einen Newsletter bestellen oder ein Kontaktformular ausf\u00fcllen, werden Ihre personenbezogenen Daten erhoben, gespeichert, bearbeitet und genutzt, soweit Sie nicht den Newsletter abbestellen und uns bitten, diese Daten zu l\u00f6schen.<\/p>\n<p>3. Kontaktdaten der beh\u00f6rdlichen Datenschutzbeauftragten<br \/>\nJede betroffene Person kann sich jederzeit bei allen Fragen und Anregungen zum Datenschutz direkt an unsere Datenschutzbeauftragte wenden. Sie erreichen die beh\u00f6rdliche Datenschutzbeauftragte unter:<\/p>\n<p>Stadt Forst (Lausitz)<br \/>\nDatenschutzbeauftragte<br \/>\nCarolin Najork<br \/>\nLindenstra\u00dfe 10 &#8211; 12<br \/>\n03149 Forst (Lausitz)<br \/>\nTel.: (03562) 989-149<br \/>\nFax: (03562) 989-148<br \/>\nE-Mail: c.najork @ forst-lausitz.de<\/p>\n<p>4. Kontaktdaten der zust\u00e4ndigen Aufsichtsbeh\u00f6rde<br \/>\nDie zust\u00e4ndige Aufsichtsbeh\u00f6rde erreichen Sie unter:<\/p>\n<p>Die Landesbeauftragte f\u00fcr den Datenschutz und f\u00fcr das Recht auf Akteneinsicht<br \/>\nDagmar Hartke<br \/>\nStahnsdorfer Damm 77<br \/>\n14532 Kleinmachnow<br \/>\nTel.: (033203) 356-0<br \/>\nFax: (033203) 356-49<br \/>\nE-Mail: poststelle @ LDA.brandenburg.de<\/p>\n","protected":false},"excerpt":{"rendered":"<p>Datenschutzerkl\u00e4rung Die Nutzung der Internetseiten der Stadt Forst (Lausitz) ist grunds\u00e4tzlich ohne jede Angabe personenbezogener Daten m\u00f6glich. Sofern eine betroffene Person besondere Services unser Internetseite in Anspruch nehmen m\u00f6chte, k\u00f6nnte jedoch eine Verarbeitung personenbezogener Daten erforderlich werden. Ist die Verarbeitung personenbezogener Daten erforderlich und besteht f\u00fcr eine solche Verarbeitung keine gesetzliche Grundlage, holen wir generell<\/p>\n<p class=\"more-link\"><a href=\"http:\/\/blaulichttag-forst.de\/?page_id=42\" class=\"themebutton\">Read More<\/a><\/p>\n","protected":false},"author":1,"featured_media":0,"parent":0,"menu_order":500,"comment_status":"closed","ping_status":"closed","template":"","meta":{"footnotes":""},"class_list":["post-42","page","type-page","status-publish","hentry"],"_links":{"self":[{"href":"http:\/\/blaulichttag-forst.de\/index.php?rest_route=\/wp\/v2\/pages\/42","targetHints":{"allow":["GET"]}}],"collection":[{"href":"http:\/\/blaulichttag-forst.de\/index.php?rest_route=\/wp\/v2\/pages"}],"about":[{"href":"http:\/\/blaulichttag-forst.de\/index.php?rest_route=\/wp\/v2\/types\/page"}],"author":[{"embeddable":true,"href":"http:\/\/blaulichttag-forst.de\/index.php?rest_route=\/wp\/v2\/users\/1"}],"replies":[{"embeddable":true,"href":"http:\/\/blaulichttag-forst.de\/index.php?rest_route=%2Fwp%2Fv2%2Fcomments&post=42"}],"version-history":[{"count":3,"href":"http:\/\/blaulichttag-forst.de\/index.php?rest_route=\/wp\/v2\/pages\/42\/revisions"}],"predecessor-version":[{"id":147,"href":"http:\/\/blaulichttag-forst.de\/index.php?rest_route=\/wp\/v2\/pages\/42\/revisions\/147"}],"wp:attachment":[{"href":"http:\/\/blaulichttag-forst.de\/index.php?rest_route=%2Fwp%2Fv2%2Fmedia&parent=42"}],"curies":[{"name":"wp","href":"https:\/\/api.w.org\/{rel}","templated":true}]}}