{"id":44,"date":"2018-06-18T20:54:48","date_gmt":"2018-06-18T20:54:48","guid":{"rendered":"http:\/\/blaulichttag-forst.de\/?page_id=44"},"modified":"2018-10-01T15:20:17","modified_gmt":"2018-10-01T15:20:17","slug":"hintergruende","status":"publish","type":"page","link":"http:\/\/blaulichttag-forst.de\/?page_id=44","title":{"rendered":"Hintergr\u00fcnde"},"content":{"rendered":"<p><img loading=\"lazy\" decoding=\"async\" class=\"aligncenter size-large wp-image-212\" src=\"http:\/\/blaulichttag-forst.de\/wp-content\/uploads\/2018\/09\/Blaulichttag-\u00dcbersicht-Logos-1024x461.jpg\" alt=\"\" width=\"1024\" height=\"461\" srcset=\"http:\/\/blaulichttag-forst.de\/wp-content\/uploads\/2018\/09\/Blaulichttag-\u00dcbersicht-Logos-1024x461.jpg 1024w, http:\/\/blaulichttag-forst.de\/wp-content\/uploads\/2018\/09\/Blaulichttag-\u00dcbersicht-Logos-300x135.jpg 300w, http:\/\/blaulichttag-forst.de\/wp-content\/uploads\/2018\/09\/Blaulichttag-\u00dcbersicht-Logos-768x345.jpg 768w, http:\/\/blaulichttag-forst.de\/wp-content\/uploads\/2018\/09\/Blaulichttag-\u00dcbersicht-Logos.jpg 1805w\" sizes=\"auto, (max-width: 1024px) 100vw, 1024px\" \/><\/p>\n<p>&nbsp;<\/p>\n<p>\u201eRetten, Sch\u00fctzen und Helfen: Gemeinsam schaffen wir das!\u201c &#8211; Unter diesem Motto haben sich 29 Partner verschiedener Organisationen zusammengefunden, um gemeinsam den ersten gro\u00dfen Blaulichttag am Samstag, den 29.09.2018, zwischen 10 und 16 Uhr um die Stadtkirche in Forst (Lausitz) zu organisieren. Im besonderen Fokus stehen dabei ehrenamtliche und hauptamtliche Kr\u00e4fte, die sich in verschiedenster Weise f\u00fcr die Sicherheit engagieren. 236 von ihnen werden an diesem Tag ihre Einsatzm\u00f6glichkeiten mit 46 Einsatzfahrzeugen pr\u00e4sentieren und mit verschiedenen Vorf\u00fchrungen ihre Leistungsf\u00e4higkeit beweisen.<\/p>\n<p>Besuchen Sie uns beim gro\u00dfen Forster Blaulichttag! Vielleicht wecken wir auch Ihr Interesse f\u00fcr eine Mitarbeit in einer der Organisationen mit vielf\u00e4ltigen M\u00f6glichkeiten zum Retten, Sch\u00fctzen und Helfen: Nur gemeinsam schaffen wir das!<\/p>\n","protected":false},"excerpt":{"rendered":"<p>&nbsp; \u201eRetten, Sch\u00fctzen und Helfen: Gemeinsam schaffen wir das!\u201c &#8211; Unter diesem Motto haben sich 29 Partner verschiedener Organisationen zusammengefunden, um gemeinsam den ersten gro\u00dfen Blaulichttag am Samstag, den 29.09.2018, zwischen 10 und 16 Uhr um die Stadtkirche in Forst (Lausitz) zu organisieren. Im besonderen Fokus stehen dabei ehrenamtliche und hauptamtliche Kr\u00e4fte, die sich in<\/p>\n<p class=\"more-link\"><a href=\"http:\/\/blaulichttag-forst.de\/?page_id=44\" class=\"themebutton\">Read More<\/a><\/p>\n","protected":false},"author":1,"featured_media":0,"parent":0,"menu_order":100,"comment_status":"closed","ping_status":"closed","template":"","meta":{"footnotes":""},"class_list":["post-44","page","type-page","status-publish","hentry"],"_links":{"self":[{"href":"http:\/\/blaulichttag-forst.de\/index.php?rest_route=\/wp\/v2\/pages\/44","targetHints":{"allow":["GET"]}}],"collection":[{"href":"http:\/\/blaulichttag-forst.de\/index.php?rest_route=\/wp\/v2\/pages"}],"about":[{"href":"http:\/\/blaulichttag-forst.de\/index.php?rest_route=\/wp\/v2\/types\/page"}],"author":[{"embeddable":true,"href":"http:\/\/blaulichttag-forst.de\/index.php?rest_route=\/wp\/v2\/users\/1"}],"replies":[{"embeddable":true,"href":"http:\/\/blaulichttag-forst.de\/index.php?rest_route=%2Fwp%2Fv2%2Fcomments&post=44"}],"version-history":[{"count":12,"href":"http:\/\/blaulichttag-forst.de\/index.php?rest_route=\/wp\/v2\/pages\/44\/revisions"}],"predecessor-version":[{"id":309,"href":"http:\/\/blaulichttag-forst.de\/index.php?rest_route=\/wp\/v2\/pages\/44\/revisions\/309"}],"wp:attachment":[{"href":"http:\/\/blaulichttag-forst.de\/index.php?rest_route=%2Fwp%2Fv2%2Fmedia&parent=44"}],"curies":[{"name":"wp","href":"https:\/\/api.w.org\/{rel}","templated":true}]}}